{"id":248,"date":"2026-01-22T13:30:44","date_gmt":"2026-01-22T13:30:44","guid":{"rendered":"https:\/\/pastravarialeaota.ro\/index.php\/produse\/"},"modified":"2026-02-03T11:28:03","modified_gmt":"2026-02-03T11:28:03","slug":"produse","status":"publish","type":"page","link":"https:\/\/pastravarialeaota.ro\/index.php\/produse\/","title":{"rendered":"Produse"},"content":{"rendered":"\t\t<div data-elementor-type=\"wp-page\" data-elementor-id=\"248\" class=\"elementor elementor-248\">\n\t\t\t\t<div class=\"elementor-element elementor-element-afcbbff e-flex e-con-boxed e-con e-parent\" data-id=\"afcbbff\" data-element_type=\"container\" data-settings=\"{&quot;background_background&quot;:&quot;classic&quot;}\">\n\t\t\t\t\t<div class=\"e-con-inner\">\n\t\t\t\t<div class=\"elementor-element elementor-element-df89154 elementor-widget__width-initial elementor-widget elementor-widget-heading\" data-id=\"df89154\" data-element_type=\"widget\" data-widget_type=\"heading.default\">\n\t\t\t\t\t<h5 class=\"elementor-heading-title elementor-size-default\">Produse de calitate superioar\u0103 la un pre\u021b accesibil<\/h5>\t\t\t\t<\/div>\n\t\t<div class=\"elementor-element elementor-element-0ddfc1c e-con-full e-flex e-con e-child\" data-id=\"0ddfc1c\" data-element_type=\"container\">\n\t\t\t\t<div class=\"elementor-element elementor-element-1d0df00 elementor-widget__width-initial elementor-mobile-align-right elementor-widget elementor-widget-button\" data-id=\"1d0df00\" data-element_type=\"widget\" data-widget_type=\"button.default\">\n\t\t\t\t\t\t\t\t\t\t<a class=\"elementor-button elementor-button-link elementor-size-sm\" href=\"#Produse-id\">\n\t\t\t\t\t\t<span class=\"elementor-button-content-wrapper\">\n\t\t\t\t\t\t\t\t\t<span class=\"elementor-button-text\">Vezi produsele<\/span>\n\t\t\t\t\t<\/span>\n\t\t\t\t\t<\/a>\n\t\t\t\t\t\t\t\t<\/div>\n\t\t\t\t<\/div>\n\t\t\t\t<div class=\"elementor-element elementor-element-4353913 elementor-widget elementor-widget-heading\" data-id=\"4353913\" data-element_type=\"widget\" data-widget_type=\"heading.default\">\n\t\t\t\t\t<h2 class=\"elementor-heading-title elementor-size-default\">Descoperi\u021bi gama noastr\u0103 bogat\u0103 de p\u0103str\u0103vi proaspe\u021bi \u0219i produse derivate, disponibile pentru dumneavoastr\u0103.<\/h2>\t\t\t\t<\/div>\n\t\t\t\t\t<\/div>\n\t\t\t\t<\/div>\n\t\t<div class=\"elementor-element elementor-element-edc91cc e-flex e-con-boxed e-con e-parent\" data-id=\"edc91cc\" data-element_type=\"container\">\n\t\t\t\t\t<div class=\"e-con-inner\">\n\t\t<div class=\"elementor-element elementor-element-9040d2b e-con-full e-flex e-con e-child\" data-id=\"9040d2b\" data-element_type=\"container\">\n\t\t\t\t<div class=\"elementor-element elementor-element-bc7cb8c elementor-widget elementor-widget-menu-anchor\" data-id=\"bc7cb8c\" data-element_type=\"widget\" id=\"Produse-id\" data-widget_type=\"menu-anchor.default\">\n\t\t\t\t\t\t\t<div class=\"elementor-menu-anchor\" id=\"Produse\"><\/div>\n\t\t\t\t\t\t<\/div>\n\t\t\t\t<div class=\"elementor-element elementor-element-74026e1 elementor-widget elementor-widget-heading\" data-id=\"74026e1\" data-element_type=\"widget\" data-widget_type=\"heading.default\">\n\t\t\t\t\t<h2 class=\"elementor-heading-title elementor-size-default\">Produse proaspete din p\u0103str\u0103v<\/h2>\t\t\t\t<\/div>\n\t\t<div class=\"elementor-element elementor-element-1722b61 e-con-full e-grid e-con e-child\" data-id=\"1722b61\" data-element_type=\"container\">\n\t\t\t\t<div class=\"elementor-element elementor-element-1c980d6 elementor-widget elementor-widget-text-editor\" data-id=\"1c980d6\" data-element_type=\"widget\" data-widget_type=\"text-editor.default\">\n\t\t\t\t\t\t\t\t\t<p style=\"text-align: center;\"><strong>P\u0103str\u0103v Curcubeu (Viu)<\/strong><\/p><p style=\"text-align: center;\">Pescuit direct din bazine \u00een fa\u021ba dumneavoastr\u0103.<\/p><p style=\"text-align: center;\"><strong>37 lei \/ kg<\/strong><\/p>\t\t\t\t\t\t\t\t<\/div>\n\t\t\t\t<div class=\"elementor-element elementor-element-466e93f elementor-widget elementor-widget-text-editor\" data-id=\"466e93f\" data-element_type=\"widget\" data-widget_type=\"text-editor.default\">\n\t\t\t\t\t\t\t\t\t<p style=\"text-align: center;\"><strong>P\u0103str\u0103v Eviscerat<\/strong><\/p><p style=\"text-align: center;\">Gata de pus pe gr\u0103tar sau \u00een cuptor, cur\u0103\u021bat cu grij\u0103.<\/p><p style=\"text-align: center;\"><strong>&#8211; lei \/ kg Pret la cerere<\/strong><\/p>\t\t\t\t\t\t\t\t<\/div>\n\t\t\t\t<div class=\"elementor-element elementor-element-97c2b8f elementor-widget elementor-widget-text-editor\" data-id=\"97c2b8f\" data-element_type=\"widget\" data-widget_type=\"text-editor.default\">\n\t\t\t\t\t\t\t\t\t<p style=\"text-align: center;\"><strong>P\u0103str\u0103v Afumat<\/strong><\/p><p style=\"text-align: center;\">Afumat tradi\u021bional cu lemn de fag, re\u021bet\u0103 proprie.<\/p><p style=\"text-align: center;\"><strong>&#8211; lei \/ kg Pret la cerere<\/strong><\/p>\t\t\t\t\t\t\t\t<\/div>\n\t\t\t\t<div class=\"elementor-element elementor-element-cb75235 elementor-widget elementor-widget-text-editor\" data-id=\"cb75235\" data-element_type=\"widget\" data-widget_type=\"text-editor.default\">\n\t\t\t\t\t\t\t\t\t<p style=\"text-align: center;\"><strong>Puiet P\u0103str\u0103v Curcubeu (10g-100g)<\/strong><\/p><p style=\"text-align: center;\">Crescut in apa de izvor, eclozat din icre atent selectionate din import.<\/p><p style=\"text-align: center;\"><strong>&#8211; lei \/ kg Pret la cerere<\/strong><\/p>\t\t\t\t\t\t\t\t<\/div>\n\t\t\t\t<\/div>\n\t\t\t\t<\/div>\n\t\t\t\t\t<\/div>\n\t\t\t\t<\/div>\n\t\t<div class=\"elementor-element elementor-element-91d17f3 e-flex e-con-boxed e-con e-parent\" data-id=\"91d17f3\" data-element_type=\"container\" data-settings=\"{&quot;background_background&quot;:&quot;classic&quot;}\">\n\t\t\t\t\t<div class=\"e-con-inner\">\n\t\t<div class=\"elementor-element elementor-element-f46b9cc e-flex e-con-boxed e-con e-child\" data-id=\"f46b9cc\" data-element_type=\"container\" data-settings=\"{&quot;background_background&quot;:&quot;classic&quot;}\">\n\t\t\t\t\t<div class=\"e-con-inner\">\n\t\t\t\t<div class=\"elementor-element elementor-element-1ae34a6 elementor-widget elementor-widget-heading\" data-id=\"1ae34a6\" data-element_type=\"widget\" data-widget_type=\"heading.default\">\n\t\t\t\t\t<h2 class=\"elementor-heading-title elementor-size-default\">\u00centreb\u0103ri frecvente<\/h2>\t\t\t\t<\/div>\n\t\t\t\t<div class=\"elementor-element elementor-element-1131c9e elementor-widget elementor-widget-heading\" data-id=\"1131c9e\" data-element_type=\"widget\" data-widget_type=\"heading.default\">\n\t\t\t\t\t<h5 class=\"elementor-heading-title elementor-size-default\">Afla\u021bi r\u0103spunsurile la \u00eentreb\u0103rile comune despre produsele noastre.<\/h5>\t\t\t\t<\/div>\n\t\t\t\t\t<\/div>\n\t\t\t\t<\/div>\n\t\t<div class=\"elementor-element elementor-element-8128ea0 e-flex e-con-boxed e-con e-child\" data-id=\"8128ea0\" data-element_type=\"container\">\n\t\t\t\t\t<div class=\"e-con-inner\">\n\t\t<div class=\"elementor-element elementor-element-b1a68c1 e-con-full e-flex e-con e-child\" data-id=\"b1a68c1\" data-element_type=\"container\">\n\t\t\t\t<div class=\"elementor-element elementor-element-c4760e4 elementor-widget elementor-widget-video\" data-id=\"c4760e4\" data-element_type=\"widget\" data-settings=\"{&quot;video_type&quot;:&quot;hosted&quot;,&quot;controls&quot;:&quot;yes&quot;}\" data-widget_type=\"video.default\">\n\t\t\t\t\t\t\t<div class=\"e-hosted-video elementor-wrapper elementor-open-inline\">\n\t\t\t\t\t<video class=\"elementor-video\" src=\"https:\/\/pastravarialeaota.ro\/wp-content\/uploads\/2026\/01\/WhatsApp-Video-2026-01-15-at-07.53.04.mp4\" controls=\"\" preload=\"metadata\" controlsList=\"nodownload\" poster=\"https:\/\/pastravarialeaota.ro\/wp-content\/uploads\/2026\/01\/WhatsApp-Image-2026-01-15-at-07.52.54.jpeg\"><\/video>\n\t\t\t\t<\/div>\n\t\t\t\t\t\t<\/div>\n\t\t\t\t<\/div>\n\t\t<div class=\"elementor-element elementor-element-acbccb8 e-con-full e-flex e-con e-child\" data-id=\"acbccb8\" data-element_type=\"container\">\n\t\t\t\t<div class=\"elementor-element elementor-element-e39936d elementor-widget elementor-widget-toggle\" data-id=\"e39936d\" data-element_type=\"widget\" data-widget_type=\"toggle.default\">\n\t\t\t\t\t\t\t<div class=\"elementor-toggle\">\n\t\t\t\t\t\t\t<div class=\"elementor-toggle-item\">\n\t\t\t\t\t<div id=\"elementor-tab-title-2381\" class=\"elementor-tab-title\" data-tab=\"1\" role=\"button\" aria-controls=\"elementor-tab-content-2381\" aria-expanded=\"false\">\n\t\t\t\t\t\t\t\t\t\t\t\t<span class=\"elementor-toggle-icon elementor-toggle-icon-right\" aria-hidden=\"true\">\n\t\t\t\t\t\t\t\t\t\t\t\t\t\t\t<span class=\"elementor-toggle-icon-closed\"><svg class=\"e-font-icon-svg e-fas-caret-right\" viewBox=\"0 0 192 512\" xmlns=\"http:\/\/www.w3.org\/2000\/svg\"><path d=\"M0 384.662V127.338c0-17.818 21.543-26.741 34.142-14.142l128.662 128.662c7.81 7.81 7.81 20.474 0 28.284L34.142 398.804C21.543 411.404 0 402.48 0 384.662z\"><\/path><\/svg><\/span>\n\t\t\t\t\t\t\t\t<span class=\"elementor-toggle-icon-opened\"><svg class=\"elementor-toggle-icon-opened e-font-icon-svg e-fas-caret-up\" viewBox=\"0 0 320 512\" xmlns=\"http:\/\/www.w3.org\/2000\/svg\"><path d=\"M288.662 352H31.338c-17.818 0-26.741-21.543-14.142-34.142l128.662-128.662c7.81-7.81 20.474-7.81 28.284 0l128.662 128.662c12.6 12.599 3.676 34.142-14.142 34.142z\"><\/path><\/svg><\/span>\n\t\t\t\t\t\t\t\t\t\t\t\t\t<\/span>\n\t\t\t\t\t\t\t\t\t\t\t\t<a class=\"elementor-toggle-title\" tabindex=\"0\">Ce tip de p\u0103str\u0103v oferi\u021bi?<\/a>\n\t\t\t\t\t<\/div>\n\n\t\t\t\t\t<div id=\"elementor-tab-content-2381\" class=\"elementor-tab-content elementor-clearfix\" data-tab=\"1\" role=\"region\" aria-labelledby=\"elementor-tab-title-2381\"><p>Oferim p\u0103str\u0103v curcubeu, proasp\u0103t, pescuit direct\u00a0\u00a0din bazine, fileuri \u0219i alte produse din p\u0103str\u0103v. Produsele sunt atent selectate pentru a asigura calitate o superioar\u0103.<\/p><\/div>\n\t\t\t\t<\/div>\n\t\t\t\t\t\t\t<div class=\"elementor-toggle-item\">\n\t\t\t\t\t<div id=\"elementor-tab-title-2382\" class=\"elementor-tab-title\" data-tab=\"2\" role=\"button\" aria-controls=\"elementor-tab-content-2382\" aria-expanded=\"false\">\n\t\t\t\t\t\t\t\t\t\t\t\t<span class=\"elementor-toggle-icon elementor-toggle-icon-right\" aria-hidden=\"true\">\n\t\t\t\t\t\t\t\t\t\t\t\t\t\t\t<span class=\"elementor-toggle-icon-closed\"><svg class=\"e-font-icon-svg e-fas-caret-right\" viewBox=\"0 0 192 512\" xmlns=\"http:\/\/www.w3.org\/2000\/svg\"><path d=\"M0 384.662V127.338c0-17.818 21.543-26.741 34.142-14.142l128.662 128.662c7.81 7.81 7.81 20.474 0 28.284L34.142 398.804C21.543 411.404 0 402.48 0 384.662z\"><\/path><\/svg><\/span>\n\t\t\t\t\t\t\t\t<span class=\"elementor-toggle-icon-opened\"><svg class=\"elementor-toggle-icon-opened e-font-icon-svg e-fas-caret-up\" viewBox=\"0 0 320 512\" xmlns=\"http:\/\/www.w3.org\/2000\/svg\"><path d=\"M288.662 352H31.338c-17.818 0-26.741-21.543-14.142-34.142l128.662-128.662c7.81-7.81 20.474-7.81 28.284 0l128.662 128.662c12.6 12.599 3.676 34.142-14.142 34.142z\"><\/path><\/svg><\/span>\n\t\t\t\t\t\t\t\t\t\t\t\t\t<\/span>\n\t\t\t\t\t\t\t\t\t\t\t\t<a class=\"elementor-toggle-title\" tabindex=\"0\">Care sunt op\u021biunile de livrare?<\/a>\n\t\t\t\t\t<\/div>\n\n\t\t\t\t\t<div id=\"elementor-tab-content-2382\" class=\"elementor-tab-content elementor-clearfix\" data-tab=\"2\" role=\"region\" aria-labelledby=\"elementor-tab-title-2382\"><p>Momentan pute\u021bi ridica produsele personal din loca\u021bia noastr\u0103, dar lucram pentru a putea livra direct la domiciliu, in conditiii de prospetime\u00a0 \u0219i siguranta.<\/p><\/div>\n\t\t\t\t<\/div>\n\t\t\t\t\t\t\t<div class=\"elementor-toggle-item\">\n\t\t\t\t\t<div id=\"elementor-tab-title-2383\" class=\"elementor-tab-title\" data-tab=\"3\" role=\"button\" aria-controls=\"elementor-tab-content-2383\" aria-expanded=\"false\">\n\t\t\t\t\t\t\t\t\t\t\t\t<span class=\"elementor-toggle-icon elementor-toggle-icon-right\" aria-hidden=\"true\">\n\t\t\t\t\t\t\t\t\t\t\t\t\t\t\t<span class=\"elementor-toggle-icon-closed\"><svg class=\"e-font-icon-svg e-fas-caret-right\" viewBox=\"0 0 192 512\" xmlns=\"http:\/\/www.w3.org\/2000\/svg\"><path d=\"M0 384.662V127.338c0-17.818 21.543-26.741 34.142-14.142l128.662 128.662c7.81 7.81 7.81 20.474 0 28.284L34.142 398.804C21.543 411.404 0 402.48 0 384.662z\"><\/path><\/svg><\/span>\n\t\t\t\t\t\t\t\t<span class=\"elementor-toggle-icon-opened\"><svg class=\"elementor-toggle-icon-opened e-font-icon-svg e-fas-caret-up\" viewBox=\"0 0 320 512\" xmlns=\"http:\/\/www.w3.org\/2000\/svg\"><path d=\"M288.662 352H31.338c-17.818 0-26.741-21.543-14.142-34.142l128.662-128.662c7.81-7.81 20.474-7.81 28.284 0l128.662 128.662c12.6 12.599 3.676 34.142-14.142 34.142z\"><\/path><\/svg><\/span>\n\t\t\t\t\t\t\t\t\t\t\t\t\t<\/span>\n\t\t\t\t\t\t\t\t\t\t\t\t<a class=\"elementor-toggle-title\" tabindex=\"0\">Organiza\u021bi tururi de pescuit?<\/a>\n\t\t\t\t\t<\/div>\n\n\t\t\t\t\t<div id=\"elementor-tab-content-2383\" class=\"elementor-tab-content elementor-clearfix\" data-tab=\"3\" role=\"region\" aria-labelledby=\"elementor-tab-title-2383\"><p>Da, organiz\u0103m tururi de pescuit pentru cei pasiona\u021bi. Tururile ofer\u0103 distractie si relaxare\u00a0 precum\u00a0 \u0219i posibilitatea de an\u00eenv\u0103\u021ba tehnici de pescuit de la exper\u021bi.<\/p><\/div>\n\t\t\t\t<\/div>\n\t\t\t\t\t\t\t<div class=\"elementor-toggle-item\">\n\t\t\t\t\t<div id=\"elementor-tab-title-2384\" class=\"elementor-tab-title\" data-tab=\"4\" role=\"button\" aria-controls=\"elementor-tab-content-2384\" aria-expanded=\"false\">\n\t\t\t\t\t\t\t\t\t\t\t\t<span class=\"elementor-toggle-icon elementor-toggle-icon-right\" aria-hidden=\"true\">\n\t\t\t\t\t\t\t\t\t\t\t\t\t\t\t<span class=\"elementor-toggle-icon-closed\"><svg class=\"e-font-icon-svg e-fas-caret-right\" viewBox=\"0 0 192 512\" xmlns=\"http:\/\/www.w3.org\/2000\/svg\"><path d=\"M0 384.662V127.338c0-17.818 21.543-26.741 34.142-14.142l128.662 128.662c7.81 7.81 7.81 20.474 0 28.284L34.142 398.804C21.543 411.404 0 402.48 0 384.662z\"><\/path><\/svg><\/span>\n\t\t\t\t\t\t\t\t<span class=\"elementor-toggle-icon-opened\"><svg class=\"elementor-toggle-icon-opened e-font-icon-svg e-fas-caret-up\" viewBox=\"0 0 320 512\" xmlns=\"http:\/\/www.w3.org\/2000\/svg\"><path d=\"M288.662 352H31.338c-17.818 0-26.741-21.543-14.142-34.142l128.662-128.662c7.81-7.81 20.474-7.81 28.284 0l128.662 128.662c12.6 12.599 3.676 34.142-14.142 34.142z\"><\/path><\/svg><\/span>\n\t\t\t\t\t\t\t\t\t\t\t\t\t<\/span>\n\t\t\t\t\t\t\t\t\t\t\t\t<a class=\"elementor-toggle-title\" tabindex=\"0\">Ce informa\u021bii g\u0103sesc \u00een galeria foto?<\/a>\n\t\t\t\t\t<\/div>\n\n\t\t\t\t\t<div id=\"elementor-tab-content-2384\" class=\"elementor-tab-content elementor-clearfix\" data-tab=\"4\" role=\"region\" aria-labelledby=\"elementor-tab-title-2384\"><p>Galeria foto include imagini cu p\u0103str\u0103vii no\u0219tri, cu locatia \u0219i\u00a0 de la tururile organizate. Este o modalitate excelent\u0103 de a vedea experien\u021bele noastre \u0219i produsele de calitate.<\/p><\/div>\n\t\t\t\t<\/div>\n\t\t\t\t\t\t\t<div class=\"elementor-toggle-item\">\n\t\t\t\t\t<div id=\"elementor-tab-title-2385\" class=\"elementor-tab-title\" data-tab=\"5\" role=\"button\" aria-controls=\"elementor-tab-content-2385\" aria-expanded=\"false\">\n\t\t\t\t\t\t\t\t\t\t\t\t<span class=\"elementor-toggle-icon elementor-toggle-icon-right\" aria-hidden=\"true\">\n\t\t\t\t\t\t\t\t\t\t\t\t\t\t\t<span class=\"elementor-toggle-icon-closed\"><svg class=\"e-font-icon-svg e-fas-caret-right\" viewBox=\"0 0 192 512\" xmlns=\"http:\/\/www.w3.org\/2000\/svg\"><path d=\"M0 384.662V127.338c0-17.818 21.543-26.741 34.142-14.142l128.662 128.662c7.81 7.81 7.81 20.474 0 28.284L34.142 398.804C21.543 411.404 0 402.48 0 384.662z\"><\/path><\/svg><\/span>\n\t\t\t\t\t\t\t\t<span class=\"elementor-toggle-icon-opened\"><svg class=\"elementor-toggle-icon-opened e-font-icon-svg e-fas-caret-up\" viewBox=\"0 0 320 512\" xmlns=\"http:\/\/www.w3.org\/2000\/svg\"><path d=\"M288.662 352H31.338c-17.818 0-26.741-21.543-14.142-34.142l128.662-128.662c7.81-7.81 20.474-7.81 28.284 0l128.662 128.662c12.6 12.599 3.676 34.142-14.142 34.142z\"><\/path><\/svg><\/span>\n\t\t\t\t\t\t\t\t\t\t\t\t\t<\/span>\n\t\t\t\t\t\t\t\t\t\t\t\t<a class=\"elementor-toggle-title\" tabindex=\"0\">Cum pot contacta echipa?<\/a>\n\t\t\t\t\t<\/div>\n\n\t\t\t\t\t<div id=\"elementor-tab-content-2385\" class=\"elementor-tab-content elementor-clearfix\" data-tab=\"5\" role=\"region\" aria-labelledby=\"elementor-tab-title-2385\"><p>Pute\u021bi contacta echipa noastr\u0103 prin formularul de contact de pe site sau prin telefon. Ne dorim s\u0103 v\u0103 r\u0103spundem \u00eentreb\u0103rilor \u0219i s\u0103 v\u0103 ajut\u0103m cu orice informa\u021bii necesare.<\/p><\/div>\n\t\t\t\t<\/div>\n\t\t\t\t\t\t\t\t<\/div>\n\t\t\t\t\t\t<\/div>\n\t\t\t\t<\/div>\n\t\t\t\t\t<\/div>\n\t\t\t\t<\/div>\n\t\t\t\t\t<\/div>\n\t\t\t\t<\/div>\n\t\t<div class=\"elementor-element elementor-element-88d3f83 e-flex e-con-boxed e-con e-parent\" data-id=\"88d3f83\" data-element_type=\"container\">\n\t\t\t\t\t<div class=\"e-con-inner\">\n\t\t\t\t\t<\/div>\n\t\t\t\t<\/div>\n\t\t\t\t<\/div>\n\t\t","protected":false},"excerpt":{"rendered":"<p>Produse de calitate superioar\u0103 la un pre\u021b accesibil Vezi produsele Descoperi\u021bi gama noastr\u0103 bogat\u0103 de p\u0103str\u0103vi proaspe\u021bi \u0219i produse derivate, disponibile pentru dumneavoastr\u0103. Produse proaspete din p\u0103str\u0103v P\u0103str\u0103v Curcubeu (Viu) Pescuit direct din bazine \u00een fa\u021ba dumneavoastr\u0103. 37 lei \/ kg P\u0103str\u0103v Eviscerat Gata de pus pe gr\u0103tar sau \u00een cuptor, cur\u0103\u021bat cu grij\u0103. &#8211; [&hellip;]<\/p>\n","protected":false},"author":1,"featured_media":0,"parent":0,"menu_order":0,"comment_status":"closed","ping_status":"closed","template":"","meta":{"footnotes":""},"class_list":["post-248","page","type-page","status-publish","hentry"],"yoast_head":"<!-- This site is optimized with the Yoast SEO plugin v26.8 - https:\/\/yoast.com\/product\/yoast-seo-wordpress\/ -->\n<title>Produse - P\u0103str\u0103v\u0103ria Leaota<\/title>\n<meta name=\"robots\" content=\"index, follow, max-snippet:-1, max-image-preview:large, max-video-preview:-1\" \/>\n<link rel=\"canonical\" href=\"https:\/\/pastravarialeaota.ro\/index.php\/produse\/\" \/>\n<meta property=\"og:locale\" content=\"ro_RO\" \/>\n<meta property=\"og:type\" content=\"article\" \/>\n<meta property=\"og:title\" content=\"Produse - P\u0103str\u0103v\u0103ria Leaota\" \/>\n<meta property=\"og:description\" content=\"Produse de calitate superioar\u0103 la un pre\u021b accesibil Vezi produsele Descoperi\u021bi gama noastr\u0103 bogat\u0103 de p\u0103str\u0103vi proaspe\u021bi \u0219i produse derivate, disponibile pentru dumneavoastr\u0103. Produse proaspete din p\u0103str\u0103v P\u0103str\u0103v Curcubeu (Viu) Pescuit direct din bazine \u00een fa\u021ba dumneavoastr\u0103. 37 lei \/ kg P\u0103str\u0103v Eviscerat Gata de pus pe gr\u0103tar sau \u00een cuptor, cur\u0103\u021bat cu grij\u0103. &#8211; [&hellip;]\" \/>\n<meta property=\"og:url\" content=\"https:\/\/pastravarialeaota.ro\/index.php\/produse\/\" \/>\n<meta property=\"og:site_name\" content=\"P\u0103str\u0103v\u0103ria Leaota\" \/>\n<meta property=\"article:modified_time\" content=\"2026-02-03T11:28:03+00:00\" \/>\n<meta name=\"twitter:card\" content=\"summary_large_image\" \/>\n<meta name=\"twitter:label1\" content=\"Timp estimat pentru citire\" \/>\n\t<meta name=\"twitter:data1\" content=\"2 minute\" \/>\n<script type=\"application\/ld+json\" class=\"yoast-schema-graph\">{\"@context\":\"https:\/\/schema.org\",\"@graph\":[{\"@type\":\"WebPage\",\"@id\":\"https:\/\/pastravarialeaota.ro\/index.php\/produse\/\",\"url\":\"https:\/\/pastravarialeaota.ro\/index.php\/produse\/\",\"name\":\"Produse - P\u0103str\u0103v\u0103ria Leaota\",\"isPartOf\":{\"@id\":\"https:\/\/pastravarialeaota.ro\/#website\"},\"datePublished\":\"2026-01-22T13:30:44+00:00\",\"dateModified\":\"2026-02-03T11:28:03+00:00\",\"breadcrumb\":{\"@id\":\"https:\/\/pastravarialeaota.ro\/index.php\/produse\/#breadcrumb\"},\"inLanguage\":\"ro-RO\",\"potentialAction\":[{\"@type\":\"ReadAction\",\"target\":[\"https:\/\/pastravarialeaota.ro\/index.php\/produse\/\"]}]},{\"@type\":\"BreadcrumbList\",\"@id\":\"https:\/\/pastravarialeaota.ro\/index.php\/produse\/#breadcrumb\",\"itemListElement\":[{\"@type\":\"ListItem\",\"position\":1,\"name\":\"Prima pagin\u0103\",\"item\":\"https:\/\/pastravarialeaota.ro\/\"},{\"@type\":\"ListItem\",\"position\":2,\"name\":\"Produse\"}]},{\"@type\":\"WebSite\",\"@id\":\"https:\/\/pastravarialeaota.ro\/#website\",\"url\":\"https:\/\/pastravarialeaota.ro\/\",\"name\":\"P\u0103str\u0103v\u0103ria Leaota\",\"description\":\"Calitate superioar\u0103 din ape cristaline\",\"potentialAction\":[{\"@type\":\"SearchAction\",\"target\":{\"@type\":\"EntryPoint\",\"urlTemplate\":\"https:\/\/pastravarialeaota.ro\/?s={search_term_string}\"},\"query-input\":{\"@type\":\"PropertyValueSpecification\",\"valueRequired\":true,\"valueName\":\"search_term_string\"}}],\"inLanguage\":\"ro-RO\"}]}<\/script>\n<!-- \/ Yoast SEO plugin. -->","yoast_head_json":{"title":"Produse - P\u0103str\u0103v\u0103ria Leaota","robots":{"index":"index","follow":"follow","max-snippet":"max-snippet:-1","max-image-preview":"max-image-preview:large","max-video-preview":"max-video-preview:-1"},"canonical":"https:\/\/pastravarialeaota.ro\/index.php\/produse\/","og_locale":"ro_RO","og_type":"article","og_title":"Produse - P\u0103str\u0103v\u0103ria Leaota","og_description":"Produse de calitate superioar\u0103 la un pre\u021b accesibil Vezi produsele Descoperi\u021bi gama noastr\u0103 bogat\u0103 de p\u0103str\u0103vi proaspe\u021bi \u0219i produse derivate, disponibile pentru dumneavoastr\u0103. Produse proaspete din p\u0103str\u0103v P\u0103str\u0103v Curcubeu (Viu) Pescuit direct din bazine \u00een fa\u021ba dumneavoastr\u0103. 37 lei \/ kg P\u0103str\u0103v Eviscerat Gata de pus pe gr\u0103tar sau \u00een cuptor, cur\u0103\u021bat cu grij\u0103. &#8211; [&hellip;]","og_url":"https:\/\/pastravarialeaota.ro\/index.php\/produse\/","og_site_name":"P\u0103str\u0103v\u0103ria Leaota","article_modified_time":"2026-02-03T11:28:03+00:00","twitter_card":"summary_large_image","twitter_misc":{"Timp estimat pentru citire":"2 minute"},"schema":{"@context":"https:\/\/schema.org","@graph":[{"@type":"WebPage","@id":"https:\/\/pastravarialeaota.ro\/index.php\/produse\/","url":"https:\/\/pastravarialeaota.ro\/index.php\/produse\/","name":"Produse - P\u0103str\u0103v\u0103ria Leaota","isPartOf":{"@id":"https:\/\/pastravarialeaota.ro\/#website"},"datePublished":"2026-01-22T13:30:44+00:00","dateModified":"2026-02-03T11:28:03+00:00","breadcrumb":{"@id":"https:\/\/pastravarialeaota.ro\/index.php\/produse\/#breadcrumb"},"inLanguage":"ro-RO","potentialAction":[{"@type":"ReadAction","target":["https:\/\/pastravarialeaota.ro\/index.php\/produse\/"]}]},{"@type":"BreadcrumbList","@id":"https:\/\/pastravarialeaota.ro\/index.php\/produse\/#breadcrumb","itemListElement":[{"@type":"ListItem","position":1,"name":"Prima pagin\u0103","item":"https:\/\/pastravarialeaota.ro\/"},{"@type":"ListItem","position":2,"name":"Produse"}]},{"@type":"WebSite","@id":"https:\/\/pastravarialeaota.ro\/#website","url":"https:\/\/pastravarialeaota.ro\/","name":"P\u0103str\u0103v\u0103ria Leaota","description":"Calitate superioar\u0103 din ape cristaline","potentialAction":[{"@type":"SearchAction","target":{"@type":"EntryPoint","urlTemplate":"https:\/\/pastravarialeaota.ro\/?s={search_term_string}"},"query-input":{"@type":"PropertyValueSpecification","valueRequired":true,"valueName":"search_term_string"}}],"inLanguage":"ro-RO"}]}},"_links":{"self":[{"href":"https:\/\/pastravarialeaota.ro\/index.php\/wp-json\/wp\/v2\/pages\/248","targetHints":{"allow":["GET"]}}],"collection":[{"href":"https:\/\/pastravarialeaota.ro\/index.php\/wp-json\/wp\/v2\/pages"}],"about":[{"href":"https:\/\/pastravarialeaota.ro\/index.php\/wp-json\/wp\/v2\/types\/page"}],"author":[{"embeddable":true,"href":"https:\/\/pastravarialeaota.ro\/index.php\/wp-json\/wp\/v2\/users\/1"}],"replies":[{"embeddable":true,"href":"https:\/\/pastravarialeaota.ro\/index.php\/wp-json\/wp\/v2\/comments?post=248"}],"version-history":[{"count":115,"href":"https:\/\/pastravarialeaota.ro\/index.php\/wp-json\/wp\/v2\/pages\/248\/revisions"}],"predecessor-version":[{"id":537,"href":"https:\/\/pastravarialeaota.ro\/index.php\/wp-json\/wp\/v2\/pages\/248\/revisions\/537"}],"wp:attachment":[{"href":"https:\/\/pastravarialeaota.ro\/index.php\/wp-json\/wp\/v2\/media?parent=248"}],"curies":[{"name":"wp","href":"https:\/\/api.w.org\/{rel}","templated":true}]}}